{"id":11540,"date":"2024-10-26T15:14:09","date_gmt":"2024-10-26T07:14:09","guid":{"rendered":"https:\/\/www.rippa.com\/?post_type=product&#038;p=11540"},"modified":"2026-02-26T15:30:19","modified_gmt":"2026-02-26T07:30:19","slug":"rf20-diesel-forklift","status":"publish","type":"product","link":"https:\/\/www.rippa.com\/pt\/product\/rf20-diesel-forklift\/","title":{"rendered":"RF20 Diesel Forklift"},"content":{"rendered":"<p>The RF20 diesel forklift has high performance and reliability, and is equipped with rearview mirrors, working headlights, thickened door frames, etc. to improve safety and practicality. The stable structure ensures the stability and safety of the forklift under heavy loads. With its excellent performance and reliability, the RF20 diesel forklift is suitable for logistics, warehousing, manufacturing and other fields.<\/p>\n<p>Recrutamento de agentes em todo o mundo:<br \/>\nODM, OEM, personaliz\u00e1vel<br \/>\nPre\u00e7os com desconto para encomendas por grosso.<br \/>\nOs fabricantes disp\u00f5em de exist\u00eancias e efectuam entregas r\u00e1pidas.<br \/>\nO pessoal de apoio ao cliente est\u00e1 online 24 horas por dia para prestar servi\u00e7os.<br \/>\nPreencha as informa\u00e7\u00f5es, obtenha um or\u00e7amento e torne-se nosso agente!<\/p>","protected":false},"featured_media":11544,"parent":0,"template":"","meta":{"_acf_changed":false,"_seopress_robots_primary_cat":"none","_seopress_titles_title":"","_seopress_titles_desc":"","_seopress_robots_index":""},"categoryproduct":[41],"class_list":["post-11540","product","type-product","status-publish","has-post-thumbnail","hentry","categoryproduct-rippa-forklift"],"acf":[],"_links":{"self":[{"href":"https:\/\/www.rippa.com\/pt\/wp-json\/wp\/v2\/product\/11540","targetHints":{"allow":["GET"]}}],"collection":[{"href":"https:\/\/www.rippa.com\/pt\/wp-json\/wp\/v2\/product"}],"about":[{"href":"https:\/\/www.rippa.com\/pt\/wp-json\/wp\/v2\/types\/product"}],"wp:featuredmedia":[{"embeddable":true,"href":"https:\/\/www.rippa.com\/pt\/wp-json\/wp\/v2\/media\/11544"}],"wp:attachment":[{"href":"https:\/\/www.rippa.com\/pt\/wp-json\/wp\/v2\/media?parent=11540"}],"wp:term":[{"taxonomy":"categoryproduct","embeddable":true,"href":"https:\/\/www.rippa.com\/pt\/wp-json\/wp\/v2\/categoryproduct?post=11540"}],"curies":[{"name":"wp","href":"https:\/\/api.w.org\/{rel}","templated":true}]}}