{"id":11560,"date":"2024-10-26T15:27:49","date_gmt":"2024-10-26T07:27:49","guid":{"rendered":"https:\/\/www.rippa.com\/?post_type=product&#038;p=11560"},"modified":"2026-02-26T15:30:26","modified_gmt":"2026-02-26T07:30:26","slug":"rf25-diesel-forklift","status":"publish","type":"product","link":"https:\/\/www.rippa.com\/hu\/product\/rf25-diesel-forklift\/","title":{"rendered":"RF25 Diesel Forklift"},"content":{"rendered":"<p><span style=\"font-family: arial, helvetica, sans-serif;\">The RF25 diesel forklift has high performance and reliability, and is equipped with rearview mirrors, working headlights, thickened door frames, etc. to improve safety and practicality. The stable structure ensures the stability and safety of the forklift under heavy loads. With its excellent performance and reliability, the RF20 diesel forklift is suitable for logistics, warehousing, manufacturing and other fields.<\/span><\/p>\n<p><span style=\"font-family: arial, helvetica, sans-serif;\"><strong>\u00dcgyn\u00f6k\u00f6k toborz\u00e1sa vil\u00e1gszerte:<\/strong><\/span><br \/>\n<span style=\"font-family: arial, helvetica, sans-serif;\">ODM, OEM, testreszabhat\u00f3<\/span><br \/>\n<span style=\"font-family: arial, helvetica, sans-serif;\">Nagykereskedelmi megrendel\u00e9sek eset\u00e9n kedvezm\u00e9nyes \u00e1rak.<\/span><br \/>\n<span style=\"font-family: arial, helvetica, sans-serif;\">A gy\u00e1rt\u00f3k k\u00e9szletet tartanak \u00e9s gyors sz\u00e1ll\u00edt\u00e1st biztos\u00edtanak.<\/span><br \/>\n<span style=\"font-family: arial, helvetica, sans-serif;\">Az \u00fcgyf\u00e9lszolg\u00e1lati szem\u00e9lyzet a nap 24 \u00f3r\u00e1j\u00e1ban online \u00e1ll rendelkez\u00e9sre a szolg\u00e1ltat\u00e1sok ny\u00fajt\u00e1s\u00e1hoz.<\/span><br \/>\n<span style=\"font-family: arial, helvetica, sans-serif;\">T\u00f6ltse ki az adatokat, k\u00e9rjen \u00e1raj\u00e1nlatot, \u00e9s legyen az \u00fcgyn\u00f6k\u00fcnk!<\/span><\/p>","protected":false},"featured_media":11554,"parent":0,"template":"","meta":{"_acf_changed":false,"_seopress_robots_primary_cat":"none","_seopress_titles_title":"","_seopress_titles_desc":"","_seopress_robots_index":""},"categoryproduct":[41],"class_list":["post-11560","product","type-product","status-publish","has-post-thumbnail","hentry","categoryproduct-rippa-forklift"],"acf":[],"_links":{"self":[{"href":"https:\/\/www.rippa.com\/hu\/wp-json\/wp\/v2\/product\/11560","targetHints":{"allow":["GET"]}}],"collection":[{"href":"https:\/\/www.rippa.com\/hu\/wp-json\/wp\/v2\/product"}],"about":[{"href":"https:\/\/www.rippa.com\/hu\/wp-json\/wp\/v2\/types\/product"}],"wp:featuredmedia":[{"embeddable":true,"href":"https:\/\/www.rippa.com\/hu\/wp-json\/wp\/v2\/media\/11554"}],"wp:attachment":[{"href":"https:\/\/www.rippa.com\/hu\/wp-json\/wp\/v2\/media?parent=11560"}],"wp:term":[{"taxonomy":"categoryproduct","embeddable":true,"href":"https:\/\/www.rippa.com\/hu\/wp-json\/wp\/v2\/categoryproduct?post=11560"}],"curies":[{"name":"wp","href":"https:\/\/api.w.org\/{rel}","templated":true}]}}