{"id":11560,"date":"2024-10-26T15:27:49","date_gmt":"2024-10-26T07:27:49","guid":{"rendered":"https:\/\/www.rippa.com\/?post_type=product&#038;p=11560"},"modified":"2026-02-26T15:30:26","modified_gmt":"2026-02-26T07:30:26","slug":"rf25-diesel-forklift","status":"publish","type":"product","link":"https:\/\/www.rippa.com\/fi\/product\/rf25-diesel-forklift\/","title":{"rendered":"RF25 Diesel Forklift"},"content":{"rendered":"<p><span style=\"font-family: arial, helvetica, sans-serif;\">The RF25 diesel forklift has high performance and reliability, and is equipped with rearview mirrors, working headlights, thickened door frames, etc. to improve safety and practicality. The stable structure ensures the stability and safety of the forklift under heavy loads. With its excellent performance and reliability, the RF20 diesel forklift is suitable for logistics, warehousing, manufacturing and other fields.<\/span><\/p>\n<p><span style=\"font-family: arial, helvetica, sans-serif;\"><strong>Rekrytoi agentteja maailmanlaajuisesti:<\/strong><\/span><br \/>\n<span style=\"font-family: arial, helvetica, sans-serif;\">ODM, OEM, muokattavissa<\/span><br \/>\n<span style=\"font-family: arial, helvetica, sans-serif;\">Alennetut hinnat saatavilla tukkutilauksille.<\/span><br \/>\n<span style=\"font-family: arial, helvetica, sans-serif;\">Valmistajilla on varastoja ja ne toimitetaan nopeasti.<\/span><br \/>\n<span style=\"font-family: arial, helvetica, sans-serif;\">Asiakaspalveluhenkil\u00f6st\u00f6 on verkossa 24 tuntia vuorokaudessa ja tarjoaa palveluja.<\/span><br \/>\n<span style=\"font-family: arial, helvetica, sans-serif;\">T\u00e4yt\u00e4 tiedot, pyyd\u00e4 tarjous ja ryhdy agentiksemme!<\/span><\/p>","protected":false},"featured_media":11554,"parent":0,"template":"","meta":{"_acf_changed":false,"_seopress_robots_primary_cat":"none","_seopress_titles_title":"","_seopress_titles_desc":"","_seopress_robots_index":""},"categoryproduct":[41],"class_list":["post-11560","product","type-product","status-publish","has-post-thumbnail","hentry","categoryproduct-rippa-forklift"],"acf":[],"_links":{"self":[{"href":"https:\/\/www.rippa.com\/fi\/wp-json\/wp\/v2\/product\/11560","targetHints":{"allow":["GET"]}}],"collection":[{"href":"https:\/\/www.rippa.com\/fi\/wp-json\/wp\/v2\/product"}],"about":[{"href":"https:\/\/www.rippa.com\/fi\/wp-json\/wp\/v2\/types\/product"}],"wp:featuredmedia":[{"embeddable":true,"href":"https:\/\/www.rippa.com\/fi\/wp-json\/wp\/v2\/media\/11554"}],"wp:attachment":[{"href":"https:\/\/www.rippa.com\/fi\/wp-json\/wp\/v2\/media?parent=11560"}],"wp:term":[{"taxonomy":"categoryproduct","embeddable":true,"href":"https:\/\/www.rippa.com\/fi\/wp-json\/wp\/v2\/categoryproduct?post=11560"}],"curies":[{"name":"wp","href":"https:\/\/api.w.org\/{rel}","templated":true}]}}